{"id":13,"date":"2017-03-24T11:53:47","date_gmt":"2017-03-24T09:53:47","guid":{"rendered":"http:\/\/assetsteenused.ee\/?page_id=13"},"modified":"2026-03-10T12:01:55","modified_gmt":"2026-03-10T10:01:55","slug":"meist","status":"publish","type":"page","link":"https:\/\/www.assetsteenused.ee\/?page_id=13","title":{"rendered":"Meie b\u00fcroost"},"content":{"rendered":"<p style=\"text-align: center;\"><span style=\"color: #000000;\">Assetsi \u00c4riteenuste O\u00dc alustas oma tegevusega 2001.aastal. Oleme raamatupidamisteenust osutav ettev\u00f5te, kelle asukoht on Viljandi linnas.\u00a0Pakume oma klientidele v\u00f5imalust tegeleda \u00fcksnes oma p\u00f5hitegevusega ja j\u00e4tta kogu b\u00fcrokraatlik asjaajamine ja paberimajandus meie hooleks. Oma t\u00f6\u00f6s l\u00e4htume j\u00e4rgnevast:<\/span><\/p>\n<p style=\"text-align: center;\" align=\"center\"><span style=\"color: #000000;\"><strong>Esmane<\/strong>\u00a0ja peamine\u00a0tegevusala on raamatupidamisteenuse osutamine \u00e4ri\u00fchingutele, Fie-dele, mittetulundus\u00fchingutele ja korteri\u00fchistutele, mis t\u00e4hendab kliendi raamatupidamise korraldamist ja dokumenteerimist.<\/span><\/p>\n<p style=\"text-align: center;\" align=\"center\"><span style=\"color: #000000;\"><strong>Teisene<\/strong>\u00a0tegevus, aga oluline, \u00a0on raamatupidamisalane konsultatsioon, kus n\u00f5ustame klienti tekkinud k\u00fcsimustes ning pakume lahendusi edaspidiseks.<\/span><\/p>\n<p style=\"text-align: center;\" align=\"center\"><span style=\"color: #000000;\"><strong>Eesm\u00e4rk\u00a0<\/strong>on pakkuda parimat raamatupidamisteenust kliendile, l\u00e4htudes kliendi soovidest ja vajadustest. Klientideks on peamiselt v\u00e4ikese ja keskmise suurusega ettev\u00f5tted.<\/span><\/p>\n<p style=\"text-align: center;\" align=\"center\"><span style=\"color: #000000;\"><strong>Oluline <\/strong>on,\u00a0\u00a0et kliendi probleemide ja k\u00fcsimustega tegeleb alati \u00fcks inimene, kes on kursis firma k\u00f5ikide murekohtade ja erip\u00e4radega ning p\u00fchendub 100% kliendile.<\/span><\/p>\n<p style=\"text-align: center;\" align=\"center\"><span style=\"color: #000000;\">\u00a0Tutvuge meie teenuste ja toodetega l\u00e4hemalt.<\/span><\/p>\n\n\n<p><\/p>\n\n\n\n<pre class=\"wp-block-code has-small-font-size\"><code>\n            &lt;div id=\"ssb-evul-stamp\">&lt;\/div>\n            &lt;script type=\"text\/javascript\">\n                (({ feature, element, options }) => {\n                    if (!document.getElementById('ssb.pistik.dns-prefetch')) {\n                        const link = document.createElement('link');\n                        link.id = 'ssb.pistik.dns-prefetch';\n                        link.href = 'https:\/\/pistik.ssb.ee';\n                        link.rel = 'dns-prefetch';\n\n                        document.head.appendChild(link);\n                    }\n\n                    if (!document.getElementById('ssb.pistik.loader')) {\n                        const script = document.createElement('script');\n                        script.id = 'ssb.pistik.loader';\n                        script.type = 'text\/javascript';\n                        script.src = 'https:\/\/pistik.ssb.ee\/app\/public\/js\/main.js';\n\n                        document.head.appendChild(script);\n                    }\n                    \n                    const load = () => {\n                        document.dispatchEvent(new CustomEvent('ssb.pistik.loader.load', {\n                            detail: { feature, element, options }\n                        }));\n                    };\n\n                    if (document.ssbPistikLoaderReady) {\n                        load();\n                    } else {\n                        document.addEventListener('ssb.pistik.loader.ready', load, { once: true });\n                    }\n\n                    document.currentScript.remove();\n                })({\n                    feature: 'evul-stamp',\n                    element: document.getElementById('ssb-evul-stamp'),\n                    options: {\n                        \/\/ Add options here as &lt;key: value> pairs\n                        reg_code: '10740643',\n                        colour: '#000000'\n                    },\n                });\n            &lt;\/script>\n        <\/code><\/pre>\n","protected":false},"excerpt":{"rendered":"<p>Assetsi \u00c4riteenuste O\u00dc alustas oma tegevusega 2001.aastal. Oleme raamatupidamisteenust osutav ettev\u00f5te, kelle asukoht on Viljandi linnas.\u00a0Pakume oma klientidele v\u00f5imalust tegeleda \u00fcksnes oma p\u00f5hitegevusega ja j\u00e4tta kogu b\u00fcrokraatlik asjaajamine ja paberimajandus &#8230;<\/p>\n","protected":false},"author":1,"featured_media":0,"parent":0,"menu_order":0,"comment_status":"closed","ping_status":"closed","template":"","meta":{"footnotes":""},"class_list":["post-13","page","type-page","status-publish","hentry"],"jetpack_sharing_enabled":true,"_links":{"self":[{"href":"https:\/\/www.assetsteenused.ee\/index.php?rest_route=\/wp\/v2\/pages\/13","targetHints":{"allow":["GET"]}}],"collection":[{"href":"https:\/\/www.assetsteenused.ee\/index.php?rest_route=\/wp\/v2\/pages"}],"about":[{"href":"https:\/\/www.assetsteenused.ee\/index.php?rest_route=\/wp\/v2\/types\/page"}],"author":[{"embeddable":true,"href":"https:\/\/www.assetsteenused.ee\/index.php?rest_route=\/wp\/v2\/users\/1"}],"replies":[{"embeddable":true,"href":"https:\/\/www.assetsteenused.ee\/index.php?rest_route=%2Fwp%2Fv2%2Fcomments&post=13"}],"version-history":[{"count":5,"href":"https:\/\/www.assetsteenused.ee\/index.php?rest_route=\/wp\/v2\/pages\/13\/revisions"}],"predecessor-version":[{"id":463,"href":"https:\/\/www.assetsteenused.ee\/index.php?rest_route=\/wp\/v2\/pages\/13\/revisions\/463"}],"wp:attachment":[{"href":"https:\/\/www.assetsteenused.ee\/index.php?rest_route=%2Fwp%2Fv2%2Fmedia&parent=13"}],"curies":[{"name":"wp","href":"https:\/\/api.w.org\/{rel}","templated":true}]}}