{"id":183,"date":"2017-03-25T17:06:15","date_gmt":"2017-03-25T15:06:15","guid":{"rendered":"http:\/\/assetsteenused.ee\/?page_id=183"},"modified":"2026-01-27T08:44:45","modified_gmt":"2026-01-27T06:44:45","slug":"maksude-info","status":"publish","type":"page","link":"https:\/\/www.assetsteenused.ee\/?page_id=183","title":{"rendered":"Maksude info"},"content":{"rendered":"<p><span style=\"color: #000000;\"><strong>Olulisemad maksud<\/strong><\/span><\/p>\n<p><span style=\"color: #000000;\">seisuga 01.01.2026<\/span><\/p>\n<table style=\"height: 1079px;\" width=\"839\">\n<tbody>\n<tr>\n<td width=\"221\"><span style=\"color: #000000;\"><strong>Nimetus<\/strong><\/span><\/td>\n<td width=\"112\"><span style=\"color: #000000;\"><strong>Maksum\u00e4\u00e4r<\/strong><\/span><\/td>\n<\/tr>\n<tr>\n<td><span style=\"color: #000000;\">K\u00e4ibemaks<\/span><\/td>\n<td><span style=\"color: #000000;\">24%<\/span><\/td>\n<\/tr>\n<tr>\n<td><span style=\"color: #000000;\"><em>erijuhud<\/em><\/span><\/td>\n<td><span style=\"color: #000000;\">13%, 9% ja 0%<\/span><\/td>\n<\/tr>\n<tr>\n<td><span style=\"color: #000000;\">Sotsiaalmaks<\/span><\/td>\n<td><span style=\"color: #000000;\">33%<\/span><\/td>\n<\/tr>\n<tr>\n<td>\n<p><span style=\"color: #000000;\">Sotsiaalmaksu minimaalse kohustuse arvutamise aluseks olev kuum\u00e4\u00e4r:<\/span><\/p>\n<p><span style=\"color: #000000;\">2026 aastal<\/span><\/p>\n<p>Minimaalne sotsiaalmaksu summa 2026 aastal<\/p>\n<\/td>\n<td>\n<p>&nbsp;<\/p>\n<p><span style=\"color: #000000;\">\u00a0886 EUR<\/span><\/p>\n<p>292,38 EUR<\/p>\n<\/td>\n<\/tr>\n<tr>\n<td><span style=\"color: #000000;\">F\u00fc\u00fcsilise isiku tulumaks<\/span><\/td>\n<td><span style=\"color: #000000;\">22%<\/span><\/td>\n<\/tr>\n<tr>\n<td><span style=\"color: #000000;\">Pensionikindlustus<\/span><\/td>\n<td><span style=\"color: #000000;\">2%, 4% v\u00f5i 6%\u00a0<\/span><\/td>\n<\/tr>\n<tr>\n<td><span style=\"color: #000000;\">Kindlustatu (t\u00f6\u00f6taja) t\u00f6\u00f6tuskindlustusmakse<\/span><\/td>\n<td><span style=\"color: #000000;\">1,6%<\/span><\/td>\n<\/tr>\n<tr>\n<td><span style=\"color: #000000;\">T\u00f6\u00f6andja t\u00f6\u00f6tuskindlustusmakse<\/span><\/td>\n<td><span style=\"color: #000000;\">0,8%<\/span><\/td>\n<\/tr>\n<tr>\n<td><span style=\"color: #000000;\">Erisoodustuse tulumaks<\/span><\/td>\n<td><span style=\"color: #000000;\">22\/78<\/span><\/td>\n<\/tr>\n<tr>\n<td><span style=\"color: #000000;\">Laenuintresside alamm\u00e4\u00e4r, mida rakendatakse erisoodustuse m\u00f5istes (TuMS \u00a748 lg4 p6) laenu andmisel<\/span><\/td>\n<td><span style=\"color: #000000;\">2%<\/span><\/td>\n<\/tr>\n<tr>\n<td>\u00a0<\/td>\n<td>\u00a0<\/td>\n<\/tr>\n<tr>\n<td><span style=\"color: #000000;\"><strong>Palk<\/strong><\/span><\/td>\n<td><span style=\"color: #000000;\">\u00a0<\/span><\/td>\n<\/tr>\n<tr>\n<td><span style=\"color: #000000;\">Maksuvaba tulu aastas<\/span>\n<p><span style=\"color: #000000;\">Maksuvaba kulu kuus<\/span><\/p>\n<\/td>\n<td><span style=\"color: #000000;\">kuni 8400 EUR<\/span>\n<p><span style=\"color: #000000;\">kuni 700 EUR<\/span><\/p>\n<\/td>\n<\/tr>\n<tr>\n<td><span style=\"color: #000000;\">Palga alamm\u00e4\u00e4r alates 01.01.2025<\/span><\/td>\n<td><span style=\"color: #000000;\">886 EUR<\/span><\/td>\n<\/tr>\n<\/tbody>\n<\/table>\n<p><span style=\"color: #000000;\"><strong>Maksuvaba h\u00fcvitise piirm\u00e4\u00e4rad<\/strong><\/span><\/p>\n<p><span style=\"color: #000000;\"><strong>S\u00f5iduauto<\/strong><\/span><\/p>\n<p><span style=\"color: #000000;\">Kui t\u00f6\u00f6taja kasutab oma isiklikku s\u00f5iduautot t\u00f6\u00f6s\u00f5itudeks, siis on \u00f5igus maksta talle s\u00f5idup\u00e4eviku alusel ettev\u00f5tlusega seotud s\u00f5itudeks kuni 0,50 senti\/km, kuid mitte rohkem kui 550 eurot \u00fche kalendrikuu kohta<\/span><\/p>\n<p><span style=\"color: #000000;\"><strong>Esinduskulud <\/strong><strong>( TuMS \u00a7 49)<\/strong><\/span><\/p>\n<p><span style=\"color: #000000;\">Esinduskulud on kulud, mis on tehtud k\u00fclaliste toitlustamiseks, vastuv\u00f5tmiseks, majutuseks, transpordiks v\u00f5i kultuuriliseks teenindamiseks. Neid v\u00e4ljamakseid ei maksustata tulumaksuga kuni 50,00 EUR ulatuses kuus (lisaks 3% sotsiaalmaksuga maksustatud v\u00e4ljamaksetelt, mis on tehtud samas kuus).<\/span><\/p>\n\n\n<p><\/p>\n","protected":false},"excerpt":{"rendered":"<p>Olulisemad maksud seisuga 01.01.2026 Nimetus Maksum\u00e4\u00e4r K\u00e4ibemaks 24% erijuhud 13%, 9% ja 0% Sotsiaalmaks 33% Sotsiaalmaksu minimaalse kohustuse arvutamise aluseks olev kuum\u00e4\u00e4r: 2026 aastal Minimaalne sotsiaalmaksu summa 2026 aastal &nbsp; &#8230;<\/p>\n","protected":false},"author":1,"featured_media":0,"parent":251,"menu_order":2,"comment_status":"closed","ping_status":"closed","template":"","meta":{"footnotes":""},"class_list":["post-183","page","type-page","status-publish","hentry"],"jetpack_sharing_enabled":true,"_links":{"self":[{"href":"https:\/\/www.assetsteenused.ee\/index.php?rest_route=\/wp\/v2\/pages\/183","targetHints":{"allow":["GET"]}}],"collection":[{"href":"https:\/\/www.assetsteenused.ee\/index.php?rest_route=\/wp\/v2\/pages"}],"about":[{"href":"https:\/\/www.assetsteenused.ee\/index.php?rest_route=\/wp\/v2\/types\/page"}],"author":[{"embeddable":true,"href":"https:\/\/www.assetsteenused.ee\/index.php?rest_route=\/wp\/v2\/users\/1"}],"replies":[{"embeddable":true,"href":"https:\/\/www.assetsteenused.ee\/index.php?rest_route=%2Fwp%2Fv2%2Fcomments&post=183"}],"version-history":[{"count":5,"href":"https:\/\/www.assetsteenused.ee\/index.php?rest_route=\/wp\/v2\/pages\/183\/revisions"}],"predecessor-version":[{"id":459,"href":"https:\/\/www.assetsteenused.ee\/index.php?rest_route=\/wp\/v2\/pages\/183\/revisions\/459"}],"up":[{"embeddable":true,"href":"https:\/\/www.assetsteenused.ee\/index.php?rest_route=\/wp\/v2\/pages\/251"}],"wp:attachment":[{"href":"https:\/\/www.assetsteenused.ee\/index.php?rest_route=%2Fwp%2Fv2%2Fmedia&parent=183"}],"curies":[{"name":"wp","href":"https:\/\/api.w.org\/{rel}","templated":true}]}}