{"id":2,"date":"2017-03-24T08:54:47","date_gmt":"2017-03-24T08:54:47","guid":{"rendered":"http:\/\/assetsteenused.ee\/?page_id=2"},"modified":"2020-02-28T11:15:46","modified_gmt":"2020-02-28T09:15:46","slug":"sample-page","status":"publish","type":"page","link":"https:\/\/www.assetsteenused.ee\/?page_id=2","title":{"rendered":"Teenused"},"content":{"rendered":"\n<div class=\"wp-block-group\"><div class=\"wp-block-group__inner-container is-layout-flow wp-block-group-is-layout-flow\">\n<h2 align=\"center\"><span style=\"color: #000000;\">Meie poolt pakutavad teenused:<\/span><\/h2>\n<ul>\n<li><span style=\"color: #000000;\">Raamatupidamisteenused<\/span><\/li>\n<li><span style=\"color: #000000;\">Palga- ja personaliarvestus<\/span><\/li>\n<li><span style=\"color: #000000;\">Maksukonsultatsioonid<\/span><\/li>\n<li><span style=\"color: #000000;\">\u00c4ri\u00fchingute loomine ja muutmine<\/span><\/li>\n<li><span style=\"color: #000000;\">Arhiivikorrastamine<\/span><\/li>\n<\/ul>\n<p align=\"left\"><span style=\"color: #000000;\">Raamatupidamisteenust pakume k\u00f5ikidele ettev\u00f5tjatele: <\/span><\/p>\n<ul>\n<li><span style=\"color: #000000;\">f\u00fc\u00fcsilisest isikust ettev\u00f5tjad;<\/span><\/li>\n<li><span style=\"color: #000000;\">osa\u00fchingud ja aktsiaseltsid;<\/span><\/li>\n<li><span style=\"color: #000000;\">mittetulundus\u00fchingud ja korteri\u00fchistud.<\/span><\/li>\n<\/ul>\n<p align=\"left\"><span style=\"color: #000000;\">K\u00f5ige t\u00fc\u00fcpilisem on <strong>lepinguline<\/strong> ehk <strong>igakuine<\/strong> raamatupidamisteenus: raamatupidamiskannete tegemine, dokumentide sisestamine raamatupidamisprogrammi, deklaratsioonide ja aruannete esitamine Maksuametile ning Statistikaametile. Vajalike raamatupidamisaruannete koostamine vastavalt vajadustele ja soovidele. Majandusaasta aruande koostamine Ettev\u00f5tjaportaalis. Kliendi abistamine ja esindamine Maksuametis.<\/span><\/p>\n<p><span style=\"color: #000000;\"><strong>\u00dchekordne<\/strong> raamatupidamisteenus : majandusaasta aruande v\u00f5i muu finantsaruande kokkupanemine ja esitamine.<\/span><\/p>\n<p><span style=\"color: #000000;\">\u00dchekordne konsultatsioon ja esindamine Maksuametis.<\/span><\/p>\n<p><span style=\"color: #000000;\"><strong>Konsultatsiooniteenus<\/strong>&#8211; kliendi n\u00f5ustamine raamatupidamisk\u00fcsimustes,&nbsp;maksualane konsultatsioon.<\/span><\/p>\n<\/div><\/div>\n","protected":false},"excerpt":{"rendered":"<p>Meie poolt pakutavad teenused: Raamatupidamisteenused Palga- ja personaliarvestus Maksukonsultatsioonid \u00c4ri\u00fchingute loomine ja muutmine Arhiivikorrastamine Raamatupidamisteenust pakume k\u00f5ikidele ettev\u00f5tjatele: f\u00fc\u00fcsilisest isikust ettev\u00f5tjad; osa\u00fchingud ja aktsiaseltsid; mittetulundus\u00fchingud ja korteri\u00fchistud. K\u00f5ige t\u00fc\u00fcpilisem on &#8230;<\/p>\n","protected":false},"author":1,"featured_media":0,"parent":0,"menu_order":0,"comment_status":"closed","ping_status":"open","template":"","meta":{"footnotes":""},"class_list":["post-2","page","type-page","status-publish","hentry"],"jetpack_sharing_enabled":true,"_links":{"self":[{"href":"https:\/\/www.assetsteenused.ee\/index.php?rest_route=\/wp\/v2\/pages\/2","targetHints":{"allow":["GET"]}}],"collection":[{"href":"https:\/\/www.assetsteenused.ee\/index.php?rest_route=\/wp\/v2\/pages"}],"about":[{"href":"https:\/\/www.assetsteenused.ee\/index.php?rest_route=\/wp\/v2\/types\/page"}],"author":[{"embeddable":true,"href":"https:\/\/www.assetsteenused.ee\/index.php?rest_route=\/wp\/v2\/users\/1"}],"replies":[{"embeddable":true,"href":"https:\/\/www.assetsteenused.ee\/index.php?rest_route=%2Fwp%2Fv2%2Fcomments&post=2"}],"version-history":[{"count":5,"href":"https:\/\/www.assetsteenused.ee\/index.php?rest_route=\/wp\/v2\/pages\/2\/revisions"}],"predecessor-version":[{"id":421,"href":"https:\/\/www.assetsteenused.ee\/index.php?rest_route=\/wp\/v2\/pages\/2\/revisions\/421"}],"wp:attachment":[{"href":"https:\/\/www.assetsteenused.ee\/index.php?rest_route=%2Fwp%2Fv2%2Fmedia&parent=2"}],"curies":[{"name":"wp","href":"https:\/\/api.w.org\/{rel}","templated":true}]}}