{"id":30,"date":"2017-03-24T16:40:31","date_gmt":"2017-03-24T14:40:31","guid":{"rendered":"http:\/\/assetsteenused.ee\/?page_id=30"},"modified":"2017-06-06T11:45:54","modified_gmt":"2017-06-06T08:45:54","slug":"raamatupidamisteenused","status":"publish","type":"page","link":"https:\/\/www.assetsteenused.ee\/?page_id=30","title":{"rendered":"Raamatupidamine"},"content":{"rendered":"<p><span style=\"color: #000000;\"><strong>RAAMATUPIDAMINE<\/strong><\/span><\/p>\n<ul>\n<li><span style=\"color: #000000;\">raamatupidamise sisseseadmine<\/span><\/li>\n<li><span style=\"color: #000000;\">raamatupidamise sise-eeskirjade koostamine<\/span><\/li>\n<li><span style=\"color: #000000;\">eelmiste perioodide korrastamine<\/span><\/li>\n<li><span style=\"color: #000000;\">jooksev raamatupidamine<\/span><\/li>\n<li><span style=\"color: #000000;\">konkreetse perioodi raamatupidamine<\/span><\/li>\n<li><span style=\"color: #000000;\">algdokumentide kontroll ja t\u00f6\u00f6tlemine<\/span><\/li>\n<li><span style=\"color: #000000;\">m\u00fc\u00fcgiarvete koostamine<\/span><\/li>\n<li><span style=\"color: #000000;\">m\u00fc\u00fcgiarvete ja laekumiste kajastamine reskontoros<\/span><\/li>\n<li><span style=\"color: #000000;\">ostuarvete ja tasumiste kajastamine reskontros<\/span><\/li>\n<li><span style=\"color: #000000;\">komandeeringu- ja kuluaruannete koostamine<\/span><\/li>\n<li><span style=\"color: #000000;\">p\u00f5hivahendite arvelev\u00f5tmine, mahakandmine, amortisatsiooni arvestamine<\/span><\/li>\n<li><span style=\"color: #000000;\">deklaratsioonide koostamine ja esitamine Maksu-ja Tolliametile<\/span><\/li>\n<li><span style=\"color: #000000;\">deklaratsioonide parandamine<\/span><\/li>\n<li><span style=\"color: #000000;\">statistiliste aruannete koostamine ja esitamine Statistikaametile<\/span><\/li>\n<li><span style=\"color: #000000;\">aruannete (bilanss, kasumiaruanne) koostamine<\/span><\/li>\n<li><span style=\"color: #000000;\">objekti arvestuse pidamine<\/span><\/li>\n<li><span style=\"color: #000000;\">aastaaruande koostamine<\/span><\/li>\n<\/ul>\n<p><span style=\"color: #000000;\">Teostame v\u00e4ikese ja keskmise suurusega ettev\u00f5tete ja organisatsioonide majandustehingute kajastamise ning aruandluse, l\u00e4htudes raamatupidamise heast tavast. Meie klient saab\u00a0ettev\u00f5tte tegevuse kohta aktuaalse ja olulise informatsiooni.\u00a0Teenust osutava ettev\u00f5tte esindajal\u00a0tuleb koguda perioodi jooksul tekkinud\u00a0algdokumendid kokku ning esitada need raamatupidajale. Vastavalt kliendi soovile teostab raamatupidaja ka makseid ja muid raamatupidamise ning finantsjuhtimisega seotud t\u00f6id.<\/span><\/p>\n<p><span style=\"color: #000000;\">Raamatupidamisarvestust teostame raamatupidamisprogrammis RapidPlus FINANTS.\u00a0Korrektse raamatupidamise teostamiseks soovime Teilt vastava aruandluse kuule j\u00e4rgneva kuu 10. kuup\u00e4evaks j\u00e4rgmisi dokumente ja v\u00e4ljatr\u00fckke:<\/span><\/p>\n<ul>\n<li><span style=\"color: #000000;\">kassa v\u00e4ljamineku ja sissetuleku orderid, kaardim\u00fc\u00fck<\/span><\/li>\n<li><span style=\"color: #000000;\">pangav\u00e4ljav\u00f5te<\/span><\/li>\n<li><span style=\"color: #000000;\">v\u00e4ljastatud m\u00fc\u00fcgiarved<\/span><\/li>\n<li><span style=\"color: #000000;\">saadud ostuarved<\/span><\/li>\n<li><span style=\"color: #000000;\">sularahat\u0161ekid, kaardimaksega tasutud arved<\/span><\/li>\n<li><span style=\"color: #000000;\">l\u00e4hetusaruanded (koos kulusid t\u00f5endavate dokumentidega)<\/span><\/li>\n<li><span style=\"color: #000000;\">s\u00f5lmitud ostu-m\u00fc\u00fcgilepingud<\/span><\/li>\n<li><span style=\"color: #000000;\">notaritehingute \u00e4rakirjad (koopia)<\/span><\/li>\n<li><span style=\"color: #000000;\">s\u00f5lmitud t\u00f6\u00f6lepingud (t\u00f6\u00f6tajate andmed, avaldused puhkusteks, t\u00f6\u00f6lepingu l\u00f5petamiseks)<\/span><\/li>\n<\/ul>\n<p><span style=\"color: #000000;\">Juhul, kui ettev\u00f5te soovib saada ka objektide v\u00f5i osakondade v\u00f5i projektide viisi eraldi arvestust, tuleb igal kulu- ja tuludokumendil \u00e4ra m\u00e4rgida ka vastav koht.<\/span><\/p>\n","protected":false},"excerpt":{"rendered":"<p>RAAMATUPIDAMINE raamatupidamise sisseseadmine raamatupidamise sise-eeskirjade koostamine eelmiste perioodide korrastamine jooksev raamatupidamine konkreetse perioodi raamatupidamine algdokumentide kontroll ja t\u00f6\u00f6tlemine m\u00fc\u00fcgiarvete koostamine m\u00fc\u00fcgiarvete ja laekumiste kajastamine reskontoros ostuarvete ja tasumiste kajastamine reskontros &#8230;<\/p>\n","protected":false},"author":1,"featured_media":0,"parent":2,"menu_order":1,"comment_status":"closed","ping_status":"closed","template":"","meta":{"footnotes":""},"class_list":["post-30","page","type-page","status-publish","hentry"],"jetpack_sharing_enabled":true,"_links":{"self":[{"href":"https:\/\/www.assetsteenused.ee\/index.php?rest_route=\/wp\/v2\/pages\/30","targetHints":{"allow":["GET"]}}],"collection":[{"href":"https:\/\/www.assetsteenused.ee\/index.php?rest_route=\/wp\/v2\/pages"}],"about":[{"href":"https:\/\/www.assetsteenused.ee\/index.php?rest_route=\/wp\/v2\/types\/page"}],"author":[{"embeddable":true,"href":"https:\/\/www.assetsteenused.ee\/index.php?rest_route=\/wp\/v2\/users\/1"}],"replies":[{"embeddable":true,"href":"https:\/\/www.assetsteenused.ee\/index.php?rest_route=%2Fwp%2Fv2%2Fcomments&post=30"}],"version-history":[{"count":5,"href":"https:\/\/www.assetsteenused.ee\/index.php?rest_route=\/wp\/v2\/pages\/30\/revisions"}],"predecessor-version":[{"id":396,"href":"https:\/\/www.assetsteenused.ee\/index.php?rest_route=\/wp\/v2\/pages\/30\/revisions\/396"}],"up":[{"embeddable":true,"href":"https:\/\/www.assetsteenused.ee\/index.php?rest_route=\/wp\/v2\/pages\/2"}],"wp:attachment":[{"href":"https:\/\/www.assetsteenused.ee\/index.php?rest_route=%2Fwp%2Fv2%2Fmedia&parent=30"}],"curies":[{"name":"wp","href":"https:\/\/api.w.org\/{rel}","templated":true}]}}