{"id":71,"date":"2017-03-24T19:48:37","date_gmt":"2017-03-24T17:48:37","guid":{"rendered":"http:\/\/assetsteenused.ee\/?page_id=71"},"modified":"2025-08-28T13:33:57","modified_gmt":"2025-08-28T10:33:57","slug":"kasulikud-viited","status":"publish","type":"page","link":"https:\/\/www.assetsteenused.ee\/?page_id=71","title":{"rendered":"Kasulikud viited"},"content":{"rendered":"<p><span style=\"color: #000000;\"><strong>Kasulikud viited<\/strong><\/span><\/p>\n<p><span style=\"color: #000000;\"><strong>EESTI RAAMATUPIDAJATE KOGU<\/strong><\/span><br \/>\n<span style=\"color: #000000;\"> <a style=\"color: #000000;\" href=\"http:\/\/www.erk.ee\/index.php?lang=et\" target=\"_blank\" rel=\"noopener noreferrer\">http:\/\/www.erk.ee\/index.php?lang=et<\/a><\/span><\/p>\n<p><span style=\"color: #000000;\"><strong>RMP <\/strong><\/span><br \/>\n<span style=\"color: #000000;\"> <a style=\"color: #000000;\" href=\"http:\/\/www.rmp.ee\/\" target=\"_blank\" rel=\"noopener noreferrer\">http:\/\/www.rmp.ee\/<\/a><\/span><br \/>\n<span style=\"color: #000000;\"> RMP on raamatupidamisalane portaal, kust leiab uusimaid uudiseid ja muudatusi seadustes.<\/span><\/p>\n<p><span style=\"color: #000000;\"><strong>RAAMATUPIDAMISUUDISED<\/strong><\/span><br \/>\n<span style=\"color: #000000;\"> http:\/\/rup.ee\/<\/span><br \/>\n<span style=\"color: #000000;\"> Raamatupidamisuudiste portaal<\/span><\/p>\n<p><span style=\"color: #000000;\"><strong>PALK<\/strong><\/span><br \/>\n<span style=\"color: #000000;\"> <a style=\"color: #000000;\" href=\"http:\/\/www.palk.ee\/\" target=\"_blank\" rel=\"noopener noreferrer\">http:\/\/www.palk.ee\/<\/a><\/span><br \/>\n<span style=\"color: #000000;\"> PALK.ee on asjatundja palga alal. K\u00e4ttesaadavad on seadused, m\u00e4\u00e4rused ja foorum.<\/span><\/p>\n<p><span style=\"color: #000000;\"><strong>RIIGI TEATAJA<\/strong><\/span><br \/>\n<span style=\"color: #000000;\"> <a style=\"color: #000000;\" href=\"http:\/\/www.riigiteataja.ee\/\" target=\"_blank\" rel=\"noopener noreferrer\">http:\/\/www.riigiteataja.ee\/<\/a><\/span><br \/>\n<span style=\"color: #000000;\"> Elektroonilise Riigi Teataja lehek\u00fclg, kus on leitavad Eestis kehtivad seadused, seadusteparandused ja m\u00e4\u00e4rused terviktekstidena.<\/span><\/p>\n<p><span style=\"color: #000000;\"><strong>RAHVUSARHIIV<\/strong><\/span><br \/>\n<span style=\"color: #000000;\"> <a style=\"color: #000000;\" href=\"http:\/\/www.ra.ee\/?topic=104\" target=\"_blank\" rel=\"noopener noreferrer\">http:\/\/www.ra.ee\/?topic=104<\/a><\/span><br \/>\n<span style=\"color: #000000;\"> Rahvusarhiivi poolt v\u00e4ljaantud soovituslikud juhised.<\/span><\/p>\n<p><span style=\"color: #000000;\"><strong>\u00c4RIREGISTER<\/strong><\/span><br \/>\n<span style=\"color: #000000;\"> <a style=\"color: #000000;\" href=\"http:\/\/www.rik.ee\/\" target=\"_blank\" rel=\"noopener noreferrer\">http:\/\/www.rik.ee<\/a><\/span><br \/>\n<span style=\"color: #000000;\"> Ettev\u00f5tjaportaal v\u00f5imaldab esitada (andmed p\u00e4rinevad \u00c4riregistri Ettev\u00f5tjaprotaalist):<\/span><br \/>\n<span style=\"color: #000000;\"> 1. Esmakande avaldusi &#8211; \u00e4ri\u00fchingu asutamiseks<\/span><br \/>\n<span style=\"color: #000000;\"> 2. FIE \u00fcmberregistreerimine &#8211; kes oli varem registreeritud Maksu- ja Tolliametis<\/span><br \/>\n<span style=\"color: #000000;\"> 3. Muutmiskande avaldusi &#8211; \u00e4ri\u00fchingu registriandmete muutmiseks<\/span><br \/>\n<span style=\"color: #000000;\"> 4. Majandusaasta aruandeid &#8211; esitada saab nii panglingi kaudu kui ka ID-kaardiga autentides<\/span><br \/>\n<span style=\"color: #000000;\"> 5. Sidevahendite muudatusi &#8211; olemasoleva ettev\u00f5tte sidevahendite (telefon, email jne) esitamine ilma riigil\u00f5ivuta.<\/span><\/p>\n<p><span style=\"color: #000000;\"><strong>MAKSU- ja TOLLIAMET<\/strong><\/span><br \/>\n<span style=\"color: #000000;\"> <a style=\"color: #000000;\" href=\"http:\/\/www.emta.ee\/index.php?id=12219\">http:\/\/www.emta.ee\/index.php?id=12219<\/a><\/span><\/p>\n<p><strong><span style=\"color: #000000;\">RIIGIPORTAAL EESTI.EE<\/span><\/strong><\/p>\n<p><span style=\"color: #000000;\">https:\/\/www.eesti.ee\/ettevotja\/et\/avaleht\u00a0<\/span><\/p>\n<p>&nbsp;<\/p>\n","protected":false},"excerpt":{"rendered":"<p>Kasulikud viited EESTI RAAMATUPIDAJATE KOGU http:\/\/www.erk.ee\/index.php?lang=et RMP http:\/\/www.rmp.ee\/ RMP on raamatupidamisalane portaal, kust leiab uusimaid uudiseid ja muudatusi seadustes. RAAMATUPIDAMISUUDISED http:\/\/rup.ee\/ Raamatupidamisuudiste portaal PALK http:\/\/www.palk.ee\/ PALK.ee on asjatundja palga alal. &#8230;<\/p>\n","protected":false},"author":1,"featured_media":0,"parent":251,"menu_order":1,"comment_status":"closed","ping_status":"closed","template":"","meta":{"footnotes":""},"class_list":["post-71","page","type-page","status-publish","hentry"],"jetpack_sharing_enabled":true,"_links":{"self":[{"href":"https:\/\/www.assetsteenused.ee\/index.php?rest_route=\/wp\/v2\/pages\/71","targetHints":{"allow":["GET"]}}],"collection":[{"href":"https:\/\/www.assetsteenused.ee\/index.php?rest_route=\/wp\/v2\/pages"}],"about":[{"href":"https:\/\/www.assetsteenused.ee\/index.php?rest_route=\/wp\/v2\/types\/page"}],"author":[{"embeddable":true,"href":"https:\/\/www.assetsteenused.ee\/index.php?rest_route=\/wp\/v2\/users\/1"}],"replies":[{"embeddable":true,"href":"https:\/\/www.assetsteenused.ee\/index.php?rest_route=%2Fwp%2Fv2%2Fcomments&post=71"}],"version-history":[{"count":4,"href":"https:\/\/www.assetsteenused.ee\/index.php?rest_route=\/wp\/v2\/pages\/71\/revisions"}],"predecessor-version":[{"id":453,"href":"https:\/\/www.assetsteenused.ee\/index.php?rest_route=\/wp\/v2\/pages\/71\/revisions\/453"}],"up":[{"embeddable":true,"href":"https:\/\/www.assetsteenused.ee\/index.php?rest_route=\/wp\/v2\/pages\/251"}],"wp:attachment":[{"href":"https:\/\/www.assetsteenused.ee\/index.php?rest_route=%2Fwp%2Fv2%2Fmedia&parent=71"}],"curies":[{"name":"wp","href":"https:\/\/api.w.org\/{rel}","templated":true}]}}